{"id":143,"date":"2016-01-19T06:46:11","date_gmt":"2016-01-19T06:46:11","guid":{"rendered":"http:\/\/localhost\/plumberx\/?page_id=143"},"modified":"2021-03-28T21:39:56","modified_gmt":"2021-03-28T21:39:56","slug":"homepage","status":"publish","type":"page","link":"https:\/\/www.kargrupplastik.com\/","title":{"rendered":"Anasayfa"},"content":{"rendered":"<p>[vc_row][vc_column css=&#8221;.vc_custom_1459525359690{margin-bottom: 0px !important;}&#8221;][rev_slider_vc alias=&#8221;home-slider1&#8243;][\/vc_column][\/vc_row][vc_row full_width=&#8221;stretch_row_content_no_spaces&#8221; type=&#8221;in_container&#8221; el_class=&#8221;promotional-text&#8221; css=&#8221;.vc_custom_1460629117329{margin-top: -35px !important;}&#8221;][vc_column][vc_column_text css=&#8221;.vc_custom_1609185328250{margin-bottom: 0px !important;padding-top: 10px !important;padding-bottom: 45px !important;}&#8221;]KarGrup Plastik K\u00f6r\u00fckl\u00fc \u00c7elik Telli Kada <strong>% 100 Yerli \u00dcretimdir.<\/strong>.[\/vc_column_text][\/vc_column][\/vc_row][vc_row full_width=&#8221;stretch_row_content_no_spaces&#8221; type=&#8221;in_container&#8221; css=&#8221;.vc_custom_1460127929826{padding-top: 80px !important;padding-bottom: 80px !important;}&#8221;][vc_column][plumberx_aboutus_section title_1=&#8221;KarGrup Plastik&#8221; description_1=&#8221;Kurulu\u015fu 2010 olan T\u00fcrkiye nin telli kada imalat\u00e7\u0131s\u0131 KarGrup Plastik markas\u0131 ile T\u00fcrkiye ve d\u00fcnya pazar\u0131na \u00fcretim yapmaktay\u0131z.<br \/>\nT\u00fcrkiye de 30 ilde ana da\u011f\u0131t\u0131m yapan firma ile d\u00fczenli \u00e7al\u0131\u015fmaktay\u0131z. Ortado\u011fu Balkanlarda ve T\u00fcrki Cumhuriyetlerde olmak \u00fczere 25 \u00fclkeye ihracat yapmaktay\u0131z.&#8221; title_2=&#8221;Dirsekli Telli Kada&#8221; description_2=&#8221;Dirsekli kadam\u0131z\u0131n i\u00e7erisindeki teller sayesinde ergonomik yap\u0131s\u0131n\u0131n verdi\u011fi k\u0131vrakl\u0131kla tesisat\u00e7\u0131lar\u0131n vazge\u00e7ilmez \u00fcr\u00fcn\u00fc olmaktad\u0131r.&#8221; title_3=&#8221;K\u00f6r\u00fckl\u00fc D\u00fcz Kada&#8221; description_3=&#8221;K\u00f6r\u00fckl\u00fc kadam\u0131z her t\u00fcrl\u00fc zor engelde en iyi \u015fekilde kullan\u0131lmas\u0131 i\u00e7in yap\u0131lm\u0131\u015ft\u0131r. \u0130\u00e7erdi\u011fi celik teller sayesinde uzun y\u0131llar ilk g\u00fcnk\u00fc gibi sa\u011flamd\u0131r.&#8221; img_1=&#8221;1195&#8243; img_2=&#8221;1192&#8243; img_3=&#8221;1193&#8243;][\/vc_column][\/vc_row][vc_row full_width=&#8221;stretch_row_content_no_spaces&#8221; type=&#8221;in_container&#8221;][vc_column][plumberx_services_tab title=&#8221;NELER \u00dcRET\u0130YORUZ&#8221; posts_per_page=&#8221;3&#8243;][\/vc_column][\/vc_row][vc_row full_width=&#8221;stretch_row_content_no_spaces&#8221; type=&#8221;in_container&#8221;][vc_column css=&#8221;.vc_custom_1609185626310{background: #ffffff url(http:\/\/www.kargrupplastik.com\/wp-content\/uploads\/2020\/12\/Alt-Orta.jpg?id=1118) !important;}&#8221;][plumberx_emergency_contact_section title=&#8221;\u00dcr\u00fcnler hakk\u0131nda bilgi i\u00e7in l\u00fctfen bizi <b>Aray\u0131n\u0131z !<\/b>&#8221; description=&#8221;T\u00fcm soru ve sipari\u015f verebilmek i\u00e7in l\u00fctfen bize 7\/24 ula\u015fabilirsiniz !&#8221; phone=&#8221;+90 537 883 29 54&#8243; or_text=&#8221;veya&#8221; button_text=&#8221;Bize Yaz\u0131n!&#8221; button_link=&#8221;#&#8221; img=&#8221;1122&#8243; background=&#8221;211&#8243;][\/vc_column][\/vc_row][vc_row][vc_column][vc_empty_space][vc_column_text]<iframe loading=\"lazy\" style=\"border: 0;\" tabindex=\"0\" src=\"https:\/\/www.google.com\/maps\/embed?pb=!1m18!1m12!1m3!1d3008.8477503824392!2d28.908031115662915!3d41.05045842477661!2m3!1f0!2f0!3f0!3m2!1i1024!2i768!4f13.1!3m3!1m2!1s0x14cab081d6391183%3A0x1cebdf7c15f5cfbb!2s%C4%B0%C5%9Fkent%20Sanayi%20Sitesi!5e0!3m2!1str!2str!4v1609180820450!5m2!1str!2str\" width=\"2490\" height=\"450\" frameborder=\"0\" allowfullscreen=\"allowfullscreen\" aria-hidden=\"false\"><\/iframe>[\/vc_column_text][\/vc_column][\/vc_row]<\/p>\n","protected":false},"excerpt":{"rendered":"<p>[vc_row][vc_column css=&#8221;.vc_custom_1459525359690{margin-bottom: 0px !important;}&#8221;][rev_slider_vc alias=&#8221;home-slider1&#8243;][\/vc_column][\/vc_row][vc_row full_width=&#8221;stretch_row_content_no_spaces&#8221; type=&#8221;in_container&#8221; el_class=&#8221;promotional-text&#8221; css=&#8221;.vc_custom_1460629117329{margin-top: -35px !important;}&#8221;][vc_column][vc_column_text css=&#8221;.vc_custom_1609185328250{margin-bottom: 0px !important;padding-top: 10px !important;padding-bottom: 45px !important;}&#8221;]KarGrup Plastik K\u00f6r\u00fckl\u00fc \u00c7elik Telli Kada % 100 Yerli \u00dcretimdir..[\/vc_column_text][\/vc_column][\/vc_row][vc_row full_width=&#8221;stretch_row_content_no_spaces&#8221; type=&#8221;in_container&#8221; css=&#8221;.vc_custom_1460127929826{padding-top: 80px !important;padding-bottom: 80px !important;}&#8221;][vc_column][plumberx_aboutus_section title_1=&#8221;KarGrup Plastik&#8221; description_1=&#8221;Kurulu\u015fu 2010 olan T\u00fcrkiye nin telli kada imalat\u00e7\u0131s\u0131 KarGrup Plastik markas\u0131 ile T\u00fcrkiye ve d\u00fcnya pazar\u0131na \u00fcretim yapmaktay\u0131z. T\u00fcrkiye [&hellip;]<\/p>\n","protected":false},"author":1,"featured_media":0,"parent":0,"menu_order":0,"comment_status":"closed","ping_status":"closed","template":"","meta":[],"_links":{"self":[{"href":"https:\/\/www.kargrupplastik.com\/index.php\/wp-json\/wp\/v2\/pages\/143"}],"collection":[{"href":"https:\/\/www.kargrupplastik.com\/index.php\/wp-json\/wp\/v2\/pages"}],"about":[{"href":"https:\/\/www.kargrupplastik.com\/index.php\/wp-json\/wp\/v2\/types\/page"}],"author":[{"embeddable":true,"href":"https:\/\/www.kargrupplastik.com\/index.php\/wp-json\/wp\/v2\/users\/1"}],"replies":[{"embeddable":true,"href":"https:\/\/www.kargrupplastik.com\/index.php\/wp-json\/wp\/v2\/comments?post=143"}],"version-history":[{"count":13,"href":"https:\/\/www.kargrupplastik.com\/index.php\/wp-json\/wp\/v2\/pages\/143\/revisions"}],"predecessor-version":[{"id":1196,"href":"https:\/\/www.kargrupplastik.com\/index.php\/wp-json\/wp\/v2\/pages\/143\/revisions\/1196"}],"wp:attachment":[{"href":"https:\/\/www.kargrupplastik.com\/index.php\/wp-json\/wp\/v2\/media?parent=143"}],"curies":[{"name":"wp","href":"https:\/\/api.w.org\/{rel}","templated":true}]}}