{"id":24,"date":"2016-01-11T06:48:10","date_gmt":"2016-01-11T06:48:10","guid":{"rendered":"http:\/\/localhost\/plumberx\/?page_id=13"},"modified":"2025-05-26T14:11:44","modified_gmt":"2025-05-26T14:11:44","slug":"hakkimizda","status":"publish","type":"page","link":"https:\/\/www.kargrupplastik.com\/index.php\/hakkimizda\/","title":{"rendered":"Hakk\u0131m\u0131zda"},"content":{"rendered":"<p>[vc_row][vc_column][vc_empty_space height=&#8221;80px&#8221;][\/vc_column][\/vc_row][vc_row][vc_column][plumberx_title_block title=&#8221;KARGRUP PLAST\u0130K K\u0130MD\u0130R!&#8221; description2=&#8221;Kurulu\u015fu 2010 olan T\u00fcrkiye nin telli kada imalat\u00e7\u0131s\u0131 KarGrup Plastik markas\u0131 ile T\u00fcrkiye ve d\u00fcnya pazar\u0131na \u00fcretim yapmaktay\u0131z.&#8221;][vc_column_text]T\u00fcrkiye de 30 ilde ana da\u011f\u0131t\u0131m yapan firma ile d\u00fczenli \u00e7al\u0131\u015fmaktay\u0131z. Ortado\u011fu Balkanlarda ve T\u00fcrki Cumhuriyetlerde olmak \u00fczere 25 \u00fclkeye ihracat yapmaktay\u0131z.<\/p>\n<p>Amac\u0131m\u0131z; yenilik\u00e7i anlay\u0131\u015f\u0131m\u0131zla, s\u00fcrekli \u00fcr\u00fcn \u00e7e\u015fitlemesine gitmek, teknolojinin t\u00fcm imkanlar\u0131n\u0131 kullanarak, estetik &#8211; fonksiyonel ve kaliteli \u00fcr\u00fcn \u00fcretmektir. Bunlar\u0131 ger\u00e7ekle\u015ftirirken gerek yurt i\u00e7i gerek yurt d\u0131\u015f\u0131 gereksinimleri kar\u015f\u0131layarak, \u00fclke ekonomisi ve istihdam\u0131nda olumlu katk\u0131da bulunmak ayr\u0131ca ba\u015fka bir amac\u0131m\u0131zd\u0131r.<\/p>\n<p>S\u00fcrekli b\u00fcy\u00fcme ve yenilenme trendinde olan firmam\u0131z\u0131n \u00f6n\u00fcm\u00fczdeki g\u00fcnlerde, y\u0131llarda daha iyi olma yolunda verimli ve nitelikli \u00fcr\u00fcnler \u00fcretmek arzusundad\u0131r.[\/vc_column_text][vc_empty_space height=&#8221;17px&#8221;][\/vc_column][\/vc_row][vc_row full_width=&#8221;stretch_row_content_no_spaces&#8221;][vc_column][vc_empty_space height=&#8221;50px&#8221;][\/vc_column][\/vc_row][vc_row][vc_column][\/vc_column][\/vc_row]<\/p>\n","protected":false},"excerpt":{"rendered":"<p>[vc_row][vc_column][vc_empty_space height=&#8221;80px&#8221;][\/vc_column][\/vc_row][vc_row][vc_column][plumberx_title_block title=&#8221;KARGRUP PLAST\u0130K K\u0130MD\u0130R!&#8221; description2=&#8221;Kurulu\u015fu 2010 olan T\u00fcrkiye nin telli kada imalat\u00e7\u0131s\u0131 KarGrup Plastik markas\u0131 ile T\u00fcrkiye ve d\u00fcnya pazar\u0131na \u00fcretim yapmaktay\u0131z.&#8221;][vc_column_text]T\u00fcrkiye de 30 ilde ana da\u011f\u0131t\u0131m yapan firma ile d\u00fczenli \u00e7al\u0131\u015fmaktay\u0131z. Ortado\u011fu Balkanlarda ve T\u00fcrki Cumhuriyetlerde olmak \u00fczere 25 \u00fclkeye ihracat yapmaktay\u0131z. Amac\u0131m\u0131z; yenilik\u00e7i anlay\u0131\u015f\u0131m\u0131zla, s\u00fcrekli \u00fcr\u00fcn \u00e7e\u015fitlemesine gitmek, teknolojinin t\u00fcm imkanlar\u0131n\u0131 kullanarak, [&hellip;]<\/p>\n","protected":false},"author":1,"featured_media":0,"parent":0,"menu_order":0,"comment_status":"closed","ping_status":"closed","template":"","meta":[],"_links":{"self":[{"href":"https:\/\/www.kargrupplastik.com\/index.php\/wp-json\/wp\/v2\/pages\/24"}],"collection":[{"href":"https:\/\/www.kargrupplastik.com\/index.php\/wp-json\/wp\/v2\/pages"}],"about":[{"href":"https:\/\/www.kargrupplastik.com\/index.php\/wp-json\/wp\/v2\/types\/page"}],"author":[{"embeddable":true,"href":"https:\/\/www.kargrupplastik.com\/index.php\/wp-json\/wp\/v2\/users\/1"}],"replies":[{"embeddable":true,"href":"https:\/\/www.kargrupplastik.com\/index.php\/wp-json\/wp\/v2\/comments?post=24"}],"version-history":[{"count":4,"href":"https:\/\/www.kargrupplastik.com\/index.php\/wp-json\/wp\/v2\/pages\/24\/revisions"}],"predecessor-version":[{"id":1246,"href":"https:\/\/www.kargrupplastik.com\/index.php\/wp-json\/wp\/v2\/pages\/24\/revisions\/1246"}],"wp:attachment":[{"href":"https:\/\/www.kargrupplastik.com\/index.php\/wp-json\/wp\/v2\/media?parent=24"}],"curies":[{"name":"wp","href":"https:\/\/api.w.org\/{rel}","templated":true}]}}