{"id":30,"date":"2016-01-11T06:49:00","date_gmt":"2016-01-11T06:49:00","guid":{"rendered":"http:\/\/localhost\/plumberx\/?page_id=22"},"modified":"2025-05-26T14:10:35","modified_gmt":"2025-05-26T14:10:35","slug":"iletisim","status":"publish","type":"page","link":"https:\/\/www.kargrupplastik.com\/index.php\/iletisim\/","title":{"rendered":"\u0130leti\u015fim"},"content":{"rendered":"<p>[vc_row][vc_column][plumberx_contact_us description=&#8221;`{`contact-form-7 id=&#8220;232&#8220;`}`&#8221; subtitle=&#8221;\u00dcr\u00fcn ve hizmetlerimiz hakk\u0131nda daha detayl\u0131 bilgi almak i\u00e7in hemen bizimle irtibata \u00e7e\u00e7iniz !&#8221; address_label=&#8221;Addres&#8221; address=&#8221;\u0130\u015fkent Sanayi Sitesi C Blok No:45 Bayrampa\u015fa \/ \u0130STANBUL T\u00dcRK\u0130YE&#8221; contact_phone_label=&#8221;Telefon&#8221; contact_phone=&#8221;+090 537 883 29 54&#8243; contact_email_label=&#8221;Email&#8221; contact_email=&#8221;info@kargrupplastik.com&#8221; address_img=&#8221;235&#8243; phone_img=&#8221;239&#8243; email_img=&#8221;238&#8243; background=&#8221;#a0a0a0&#8243; background_img=&#8221;967&#8243;][\/plumberx_contact_us][\/vc_column][\/vc_row][vc_row full_width=&#8221;stretch_row_content_no_spaces&#8221; type=&#8221;in_container&#8221;][vc_column][vc_column_text]<iframe loading=\"lazy\" style=\"border: 0;\" src=\"https:\/\/www.google.com\/maps\/embed?pb=!1m14!1m8!1m3!1d12035.391810931833!2d28.91022!3d41.050454!3m2!1i1024!2i768!4f13.1!3m3!1m2!1s0x14cab081d6391183%3A0x1cebdf7c15f5cfbb!2s%C4%B0%C5%9Fkent%20Sanayi%20Sitesi!5e0!3m2!1str!2str!4v1748268729150!5m2!1str!2str\" width=\"1600\" height=\"500\" allowfullscreen=\"allowfullscreen\"><\/iframe><\/p>\n<p>[\/vc_column_text][\/vc_column][\/vc_row]<\/p>\n","protected":false},"excerpt":{"rendered":"<p>[vc_row][vc_column][plumberx_contact_us description=&#8221;`{`contact-form-7 id=&#8220;232&#8220;`}`&#8221; subtitle=&#8221;\u00dcr\u00fcn ve hizmetlerimiz hakk\u0131nda daha detayl\u0131 bilgi almak i\u00e7in hemen bizimle irtibata \u00e7e\u00e7iniz !&#8221; address_label=&#8221;Addres&#8221; address=&#8221;\u0130\u015fkent Sanayi Sitesi C Blok No:45 Bayrampa\u015fa \/ \u0130STANBUL T\u00dcRK\u0130YE&#8221; contact_phone_label=&#8221;Telefon&#8221; contact_phone=&#8221;+090 537 883 29 54&#8243; contact_email_label=&#8221;Email&#8221; contact_email=&#8221;info@kargrupplastik.com&#8221; address_img=&#8221;235&#8243; phone_img=&#8221;239&#8243; email_img=&#8221;238&#8243; background=&#8221;#a0a0a0&#8243; background_img=&#8221;967&#8243;][\/plumberx_contact_us][\/vc_column][\/vc_row][vc_row full_width=&#8221;stretch_row_content_no_spaces&#8221; type=&#8221;in_container&#8221;][vc_column][vc_column_text] [\/vc_column_text][\/vc_column][\/vc_row]<\/p>\n","protected":false},"author":1,"featured_media":0,"parent":0,"menu_order":0,"comment_status":"closed","ping_status":"closed","template":"","meta":[],"_links":{"self":[{"href":"https:\/\/www.kargrupplastik.com\/index.php\/wp-json\/wp\/v2\/pages\/30"}],"collection":[{"href":"https:\/\/www.kargrupplastik.com\/index.php\/wp-json\/wp\/v2\/pages"}],"about":[{"href":"https:\/\/www.kargrupplastik.com\/index.php\/wp-json\/wp\/v2\/types\/page"}],"author":[{"embeddable":true,"href":"https:\/\/www.kargrupplastik.com\/index.php\/wp-json\/wp\/v2\/users\/1"}],"replies":[{"embeddable":true,"href":"https:\/\/www.kargrupplastik.com\/index.php\/wp-json\/wp\/v2\/comments?post=30"}],"version-history":[{"count":6,"href":"https:\/\/www.kargrupplastik.com\/index.php\/wp-json\/wp\/v2\/pages\/30\/revisions"}],"predecessor-version":[{"id":1245,"href":"https:\/\/www.kargrupplastik.com\/index.php\/wp-json\/wp\/v2\/pages\/30\/revisions\/1245"}],"wp:attachment":[{"href":"https:\/\/www.kargrupplastik.com\/index.php\/wp-json\/wp\/v2\/media?parent=30"}],"curies":[{"name":"wp","href":"https:\/\/api.w.org\/{rel}","templated":true}]}}