{"id":1172,"date":"2021-03-28T21:03:12","date_gmt":"2021-03-28T21:03:12","guid":{"rendered":"http:\/\/www.kargrupplastik.com\/?post_type=product&#038;p=1172"},"modified":"2021-03-28T21:06:27","modified_gmt":"2021-03-28T21:06:27","slug":"kargrup-duz-telli-kada-mavi","status":"publish","type":"product","link":"https:\/\/www.kargrupplastik.com\/index.php\/product\/kargrup-duz-telli-kada-mavi\/","title":{"rendered":"Kargrup  D\u00fcz Telli Kada Mavi"},"content":{"rendered":"<p>Telli \u00fcretilen kada&#8217;lar\u0131m\u0131z her t\u00fcrl\u00fc klozete uygun olarak \u00fcretilmektedir. Flex yap\u0131s sayesinde uzayabilme ve b\u00fck\u00fclebilme yap\u0131s\u0131 sayesinde her yere rahatl\u0131kla uzamaktad\u0131r. \u0130stenilen renklerde tapa contalar\u0131 \u00fcretilmektedir.<\/p>\n<div id=\"ctl00_ContentPlaceHolder1_ProductControl1_MainControl1_TabControl1_ProductDescription1_CustomContentBottom\"><\/div>\n","protected":false},"excerpt":{"rendered":"<p>Telli \u00fcretilen kada&#8217;lar\u0131m\u0131z her t\u00fcrl\u00fc klozete uygun olarak \u00fcretilmektedir. Flex yap\u0131s sayesinde uzayabilme ve b\u00fck\u00fclebilme yap\u0131s\u0131 sayesinde her yere rahatl\u0131kla uzamaktad\u0131r. \u0130stenilen renklerde tapa contalar\u0131 \u00fcretilmektedir.<\/p>\n","protected":false},"featured_media":1159,"comment_status":"open","ping_status":"closed","template":"","meta":[],"_links":{"self":[{"href":"https:\/\/www.kargrupplastik.com\/index.php\/wp-json\/wp\/v2\/product\/1172"}],"collection":[{"href":"https:\/\/www.kargrupplastik.com\/index.php\/wp-json\/wp\/v2\/product"}],"about":[{"href":"https:\/\/www.kargrupplastik.com\/index.php\/wp-json\/wp\/v2\/types\/product"}],"replies":[{"embeddable":true,"href":"https:\/\/www.kargrupplastik.com\/index.php\/wp-json\/wp\/v2\/comments?post=1172"}],"wp:featuredmedia":[{"embeddable":true,"href":"https:\/\/www.kargrupplastik.com\/index.php\/wp-json\/wp\/v2\/media\/1159"}],"wp:attachment":[{"href":"https:\/\/www.kargrupplastik.com\/index.php\/wp-json\/wp\/v2\/media?parent=1172"}],"curies":[{"name":"wp","href":"https:\/\/api.w.org\/{rel}","templated":true}]}}