{"id":1234,"date":"2025-03-04T22:11:33","date_gmt":"2025-03-04T22:11:33","guid":{"rendered":"https:\/\/www.kargrupplastik.com\/?post_type=product&#038;p=1234"},"modified":"2025-11-27T13:49:36","modified_gmt":"2025-11-27T13:49:36","slug":"kargrup-klozet-kapagi","status":"publish","type":"product","link":"https:\/\/www.kargrupplastik.com\/index.php\/product\/kargrup-klozet-kapagi\/","title":{"rendered":"Kargrup Klozet Kapa\u011f\u0131"},"content":{"rendered":"<p>Telli \u00fcretilen kada&#8217;lar\u0131m\u0131z her t\u00fcrl\u00fc klozete uygun olarak \u00fcretilmektedir. Flex yap\u0131s sayesinde uzayabilme ve b\u00fck\u00fclebilme yap\u0131s\u0131 sayesinde her yere rahatl\u0131kla uzamaktad\u0131r. \u0130stenilen renklerde tapa contalar\u0131 \u00fcretilmektedir.<\/p>\n<div id=\"ctl00_ContentPlaceHolder1_ProductControl1_MainControl1_TabControl1_ProductDescription1_CustomContentBottom\"><\/div>\n","protected":false},"excerpt":{"rendered":"<p>Telli \u00fcretilen kada&#8217;lar\u0131m\u0131z her t\u00fcrl\u00fc klozete uygun olarak \u00fcretilmektedir. Flex yap\u0131s sayesinde uzayabilme ve b\u00fck\u00fclebilme yap\u0131s\u0131 sayesinde her yere rahatl\u0131kla uzamaktad\u0131r. \u0130stenilen renklerde tapa contalar\u0131 \u00fcretilmektedir.<\/p>\n","protected":false},"featured_media":1235,"comment_status":"open","ping_status":"closed","template":"","meta":[],"_links":{"self":[{"href":"https:\/\/www.kargrupplastik.com\/index.php\/wp-json\/wp\/v2\/product\/1234"}],"collection":[{"href":"https:\/\/www.kargrupplastik.com\/index.php\/wp-json\/wp\/v2\/product"}],"about":[{"href":"https:\/\/www.kargrupplastik.com\/index.php\/wp-json\/wp\/v2\/types\/product"}],"replies":[{"embeddable":true,"href":"https:\/\/www.kargrupplastik.com\/index.php\/wp-json\/wp\/v2\/comments?post=1234"}],"wp:featuredmedia":[{"embeddable":true,"href":"https:\/\/www.kargrupplastik.com\/index.php\/wp-json\/wp\/v2\/media\/1235"}],"wp:attachment":[{"href":"https:\/\/www.kargrupplastik.com\/index.php\/wp-json\/wp\/v2\/media?parent=1234"}],"curies":[{"name":"wp","href":"https:\/\/api.w.org\/{rel}","templated":true}]}}